{"id":182,"date":"2024-12-06T22:38:15","date_gmt":"2024-12-06T22:38:15","guid":{"rendered":"https:\/\/tlapickaplzenec.cz\/?page_id=182"},"modified":"2025-02-23T22:30:39","modified_gmt":"2025-02-23T22:30:39","slug":"dolozeni-vazby-rodicu-na-trh-prace","status":"publish","type":"page","link":"https:\/\/tlapickaplzenec.cz\/?page_id=182","title":{"rendered":"Dolo\u017een\u00ed vazby rodi\u010d\u016f na trh pr\u00e1ce"},"content":{"rendered":"\n<div class=\"wp-block-group is-vertical is-content-justification-center is-nowrap is-layout-flex wp-container-core-group-is-layout-d7b04dc7 wp-block-group-is-layout-flex\">\n<h2 class=\"wp-block-heading has-text-align-center\">Dolo\u017een\u00ed vazby rodi\u010d\u016f na trh pr\u00e1ce<\/h2>\n\n\n\n<div style=\"height:0px\" aria-hidden=\"true\" class=\"wp-block-spacer wp-container-content-728072c3\"><\/div>\n\n\n\n<p style=\"margin-right:var(--wp--preset--spacing--60);margin-left:var(--wp--preset--spacing--60)\">Do za\u0159\u00edzen\u00ed (v tomto p\u0159\u00edpad\u011b d\u011btsk\u00e9 skupiny), na kter\u00e9 je poskytnuta podpora z OPZ, mohou v pr\u016fb\u011bhu realizace projektu doch\u00e1zet pouze d\u011bti, jejich\u017e rodi\u010d\u016fm um\u00edst\u011bn\u00ed d\u00edt\u011bte do podpo\u0159en\u00e9ho za\u0159\u00edzen\u00ed pom\u016f\u017ee s jejich uplatn\u011bn\u00edm na trhu pr\u00e1ce. Je nutn\u00e9 splnit podm\u00ednku, \u017ee minim\u00e1ln\u011b jeden z rodi\u010d\u016f d\u00edt\u011bte nav\u0161t\u011bvuj\u00edc\u00edho za\u0159\u00edzen\u00ed p\u00e9\u010de o d\u011bti je zam\u011bstn\u00e1n (tedy vykon\u00e1v\u00e1 \u010dinnost na z\u00e1klad\u011b pracovn\u011bpr\u00e1vn\u00edho nebo obdobn\u00e9ho vztahu nap\u0159. jako jednatel a nebo je ve slu\u017eebn\u00edm pom\u011bru) nebo vykon\u00e1v\u00e1 samostatn\u011b v\u00fdd\u011ble\u010dnou \u010dinnost nebo studuje \u010di je \u00fa\u010dastn\u00edkem akreditovan\u00e9ho rekvalifika\u010dn\u00edho kurzu nebo pokud je nezam\u011bstnan\u00fd, tak si zam\u011bstn\u00e1n\u00ed aktivn\u011b hled\u00e1. Podm\u00ednka mus\u00ed b\u00fdt spln\u011bna po celou dobu doch\u00e1zky d\u00edt\u011bte do za\u0159\u00edzen\u00ed p\u00e9\u010de o d\u011bti. Nen\u00ed d\u016fle\u017eit\u00e9, v jak\u00e9m \u00fazem\u00ed rodi\u010d vykon\u00e1v\u00e1 zam\u011bstn\u00e1n\u00ed a jin\u00e9 formy uplatn\u011bn\u00ed na trhu pr\u00e1ce (\u010di jeho hled\u00e1n\u00ed).<\/p>\n\n\n\n<p style=\"margin-right:var(--wp--preset--spacing--60);margin-left:var(--wp--preset--spacing--60)\">Dokladem u zam\u011bstnan\u00e9ho rodi\u010de je dokument dokl\u00e1daj\u00edc\u00ed pracovn\u011bpr\u00e1vn\u00ed nebo obdobn\u00fd vztah anebo slu\u017eebn\u00ed pom\u011br (tj. potvrzen\u00ed zam\u011bstnavatele o existenci pracovn\u011bpr\u00e1vn\u00edho nebo obdobn\u00e9ho vztahu anebo slu\u017eebn\u00edho pom\u011bru, nebo pracovn\u00ed smlouva, dohoda o pracovn\u00ed \u010dinnosti, dohoda o proveden\u00ed pr\u00e1ce, v p\u0159\u00edpad\u011b obdobn\u00e9ho vztahu nap\u0159. smlouva o v\u00fdkonu funkce, smlouva o spolupr\u00e1ci, smlouva o proveden\u00ed um\u011bleck\u00e9ho v\u00fdkonu a nebo rozhodnut\u00ed o p\u0159ijet\u00ed do slu\u017eebn\u00edho pom\u011bru). U rodi\u010de vykon\u00e1vaj\u00edc\u00edho samostatn\u011b v\u00fdd\u011ble\u010dnou \u010dinnost je dokladem potvrzen\u00ed p\u0159\u00edslu\u0161n\u00e9 spr\u00e1vy soci\u00e1ln\u00edho zabezpe\u010den\u00ed o tom, \u017ee dot\u010den\u00fd rodi\u010d je veden v evidenci jako osoba samostatn\u011b v\u00fdd\u011ble\u010dn\u011b \u010dinn\u00e1. U nezam\u011bstnan\u00e9ho rodi\u010de je dokladem potvrzen\u00ed z \u00fa\u0159adu pr\u00e1ce o tom, \u017ee je rodi\u010d veden v evidenci uchaze\u010d\u016f o zam\u011bstn\u00e1n\u00ed. U rodi\u010de, kter\u00fd je \u017e\u00e1kem \u010di studentem, p\u0159ipravuj\u00edc\u00edm se na povol\u00e1n\u00ed, je dokladem potvrzen\u00ed \u0161koly. U rodi\u010de, kter\u00fd se \u00fa\u010dastn\u00ed akreditovan\u00e9ho rekvalifika\u010dn\u00edho kurzu, je dokladem potvrzen\u00ed poskytovatele akreditovan\u00e9ho rekvalifika\u010dn\u00edho kurzu.<\/p>\n\n\n\n<p style=\"margin-right:var(--wp--preset--spacing--60);margin-left:var(--wp--preset--spacing--60)\">V\u0161e V\u00e1m r\u00e1di vysv\u011btl\u00edme, a\u0165 u\u017e p\u0159i osobn\u00edm jedn\u00e1n\u00ed nebo telefonicky \u010di p\u0159i p\u0159evzet\u00ed P\u0159ihl\u00e1\u0161ky do DS.<\/p>\n\n\n\n<div data-wp-interactive=\"core\/file\" class=\"wp-block-file\"><object data-wp-bind--hidden=\"!state.hasPdfPreview\" hidden class=\"wp-block-file__embed\" data=\"https:\/\/tlapickaplzenec.cz\/wp-content\/uploads\/2025\/02\/Potvrzeni-o-postaveni-na-trhu-prace_zamestnanci.pdf\" type=\"application\/pdf\" style=\"width:100%;height:600px\" aria-label=\"Vlo\u017eit z Potvrzen\u00ed o postaven\u00ed na trhu pr\u00e1ce_zam\u011bstnanci.\"><\/object><a id=\"wp-block-file--media-cd39fe91-788f-45cc-aa4b-c464419b527f\" href=\"https:\/\/tlapickaplzenec.cz\/wp-content\/uploads\/2025\/02\/Potvrzeni-o-postaveni-na-trhu-prace_zamestnanci.pdf\">Potvrzen\u00ed o postaven\u00ed na trhu pr\u00e1ce_zam\u011bstnanci<\/a><a href=\"https:\/\/tlapickaplzenec.cz\/wp-content\/uploads\/2025\/02\/Potvrzeni-o-postaveni-na-trhu-prace_zamestnanci.pdf\" class=\"wp-block-file__button wp-element-button\" download aria-describedby=\"wp-block-file--media-cd39fe91-788f-45cc-aa4b-c464419b527f\">St\u00e1hnout<\/a><\/div>\n<\/div>\n","protected":false},"excerpt":{"rendered":"<p>Dolo\u017een\u00ed vazby rodi\u010d\u016f na trh pr\u00e1ce Do za\u0159\u00edzen\u00ed (v tomto p\u0159\u00edpad\u011b d\u011btsk\u00e9 skupiny), na kter\u00e9 je poskytnuta podpora z OPZ, mohou v pr\u016fb\u011bhu realizace projektu doch\u00e1zet pouze d\u011bti, jejich\u017e rodi\u010d\u016fm um\u00edst\u011bn\u00ed d\u00edt\u011bte do podpo\u0159en\u00e9ho za\u0159\u00edzen\u00ed pom\u016f\u017ee s jejich uplatn\u011bn\u00edm na trhu pr\u00e1ce. Je nutn\u00e9 splnit podm\u00ednku, \u017ee minim\u00e1ln\u011b jeden z rodi\u010d\u016f d\u00edt\u011bte nav\u0161t\u011bvuj\u00edc\u00edho za\u0159\u00edzen\u00ed p\u00e9\u010de [&hellip;]<\/p>\n","protected":false},"author":1,"featured_media":0,"parent":0,"menu_order":0,"comment_status":"closed","ping_status":"closed","template":"page-no-title","meta":{"footnotes":""},"class_list":["post-182","page","type-page","status-publish","hentry"],"_links":{"self":[{"href":"https:\/\/tlapickaplzenec.cz\/index.php?rest_route=\/wp\/v2\/pages\/182","targetHints":{"allow":["GET"]}}],"collection":[{"href":"https:\/\/tlapickaplzenec.cz\/index.php?rest_route=\/wp\/v2\/pages"}],"about":[{"href":"https:\/\/tlapickaplzenec.cz\/index.php?rest_route=\/wp\/v2\/types\/page"}],"author":[{"embeddable":true,"href":"https:\/\/tlapickaplzenec.cz\/index.php?rest_route=\/wp\/v2\/users\/1"}],"replies":[{"embeddable":true,"href":"https:\/\/tlapickaplzenec.cz\/index.php?rest_route=%2Fwp%2Fv2%2Fcomments&post=182"}],"version-history":[{"count":3,"href":"https:\/\/tlapickaplzenec.cz\/index.php?rest_route=\/wp\/v2\/pages\/182\/revisions"}],"predecessor-version":[{"id":244,"href":"https:\/\/tlapickaplzenec.cz\/index.php?rest_route=\/wp\/v2\/pages\/182\/revisions\/244"}],"wp:attachment":[{"href":"https:\/\/tlapickaplzenec.cz\/index.php?rest_route=%2Fwp%2Fv2%2Fmedia&parent=182"}],"curies":[{"name":"wp","href":"https:\/\/api.w.org\/{rel}","templated":true}]}}